{"id":84,"date":"2022-07-24T22:34:02","date_gmt":"2022-07-24T22:34:02","guid":{"rendered":"https:\/\/tecnisystem.com.es\/?page_id=84"},"modified":"2026-04-08T00:23:41","modified_gmt":"2026-04-08T00:23:41","slug":"aviso-legal","status":"publish","type":"page","link":"https:\/\/tecnisystem.com.es\/?page_id=84","title":{"rendered":"Aviso Legal"},"content":{"rendered":"\n\n\n\n\n<p class=\"MsoNormal\"><span lang=\"EN-US\">\u00a0<\/span><strong><span lang=\"EN-US\" style=\"font-size:18.0pt;line-height:\n107%;color:#33BBEE\">AVISO LEGAL<\/span><\/strong><span lang=\"EN-US\"><\/span><\/p>Con el fin de dar cumplimiento al art\u00edculo 10 de la Ley 34\/2002 de<br>Servicios de la Sociedad de la Informaci\u00f3n y del Comercio Electr\u00f3nico,<br>informamos a los usuarios de nuestros datos:<br>Denominaci\u00f3n Social: TECNISYSTEM NETWORKS SL<br>Domicilio Social: C\/ MONSE\u00d1OR JOS\u00c9 RODRIGUEZ RODRIGUEZ, 2,35018 LAS PALMAS DE G.C.,<br>(Las Palmas)<br>NIF: B35752674<br>Tel\u00e9fono: 928361703<br>E-Mail: alojamientolosalisios@tecnisystem.com.es<br>Sitio Web: https:\/\/tecnisystem.com.es\/<br>\u00a0<br><strong>1. OBJETO<\/strong><br><strong>TECNISYSTEM NETWORKS SL<\/strong> (en adelante<br>tambi\u00e9n el prestador) c\u00f3mo responsable del sitio web, pone a disposici\u00f3n de los<br>usuarios el presente documento, que regula el uso del sitio web<br>https:\/\/tecnisystem.com.es\/, con el que pretendemos dar cumplimiento a las<br>obligaciones que dispone la Ley 34\/2002, de Servicios de la Sociedad de la<br>Informaci\u00f3n y del Comercio Electr\u00f3nico (LSSICE o LSSI), as\u00ed como informar a<br>todos los usuarios del sitio web respecto de cu\u00e1les son las condiciones de uso<br>del sitio web.<br>A trav\u00e9s de la Web, <strong>TECNISYSTEM NETWORKS SL<\/strong> facilita a los<br>usuarios el acceso y utilizaci\u00f3n de diferentes servicios y contenidos puestos a<br>disposici\u00f3n a trav\u00e9s del web.<br>Toda persona que acceda a esta web asume el papel de usuario (en<br>adelante el usuario), e implica la aceptaci\u00f3n total y sin reservas de todas y<br>cada una de las disposiciones incluidas en este aviso legal, as\u00ed como a<br>cualesquiera otras disposiciones legales que fueran de aplicaci\u00f3n.<br>Como usuarios, tienen que leer atentamente este Aviso Legal en<br>cualquier de las ocasiones que entren a la web, pues \u00e9sta puede sufrir<br>modificaciones ya que el prestador se reserva el derecho a modificar cualquier<br>tipo de informaci\u00f3n que pudiera aparecer en la web, sin que exista la<br>obligaci\u00f3n de pre-avisar o poner en conocimiento de los usuarios estas<br>obligaciones, siendo suficientes la publicaci\u00f3n en el sitio web del prestador.<br>\u00a0<br><strong>2. CONDICIONES DE ACCESO Y USO DE LA WEB<\/strong><br>\u00a0<br><strong>2.1. Car\u00e1cter gratuito del acceso y uso de la web<\/strong><br>La prestaci\u00f3n de los servicios por parte de <strong>ALMATRICHE TURISTICA,<br>S.L<\/strong> tiene car\u00e1cter gratuito para todos los Usuarios. No obstante, algunos<br>de los servicios suministrados por el prestador a trav\u00e9s de la Web est\u00e1n<br>sujetas al pago de un precio determinado a las condiciones generales de<br>contrataci\u00f3n.<br>\u00a0<br><strong>2.2. Registro de Usuario<\/strong><br>Con car\u00e1cter general la prestaci\u00f3n de los Servicios no exige la<br>previa suscripci\u00f3n o registro de los Usuarios. Aun as\u00ed, <strong>ALMATRICHE<br>TURISTICA, S.L<\/strong> condiciona el uso de algunos de los servicios a la previa<br>complementaci\u00f3n del correspondiente registro de Usuario. Este registro se<br>efectuar\u00e1 en la forma expresamente indicada en la propia secci\u00f3n del servicio.<br>\u00a0<br><strong>2.3. Veracidad de la informaci\u00f3n<\/strong><br>Toda la informaci\u00f3n que facilita el Usuario tiene que ser veraz. A<br>estos efectos, el Usuario garantiza la autenticidad de los datos comunicados a<br>trav\u00e9s de los formularios para la suscripci\u00f3n de los Servicios. Ser\u00e1<br>responsabilidad del Usuario mantener toda la informaci\u00f3n facilitada a <strong>ALMATRICHE<br>TURISTICA, S.L<\/strong> permanentemente actualizada de forma que responda, en cada<br>momento, a su situaci\u00f3n real. En todo caso, el Usuario ser\u00e1 el \u00fanico<br>responsable de las manifestaciones falsas o inexactas que realice y de los<br>perjuicios que cause al prestador o a terceros.<br>\u00a0<br><strong>2.4. Menores de edad<\/strong><br>Para el uso de los servicios, los menores de edad tienen que obtener<br>siempre previamente el consentimiento de los padres, tutores o representantes<br>legales, responsables \u00faltimos de todos los actos realizados por los menores a<br>su cargo. La responsabilidad en la determinaci\u00f3n de contenidos concretos a los<br>cuales acceden los menores corresponde a aquellos, es por eso que si acceden a<br>contenidos no apropiados por Internet, se tendr\u00e1n que establecer en sus<br>ordenadores mecanismos, en particular programas inform\u00e1ticos, filtros y<br>bloqueos, que permitan limitar los contenidos disponibles y, a pesar de que no<br>sean infalibles, son de especial utilidad para controlar y restringir los<br>materiales a los que pueden acceder los menores.<br>\u00a0<br><strong>2.5. Obligaci\u00f3n de hacer un uso correcto de la Web<\/strong><br>El Usuario se compromete a utilizar la Web de conformidad a la Ley y<br>al presente Aviso Legal, as\u00ed como a la moral y a buenas costumbres. A tal<br>efecto, el Usuario se abstendr\u00e1 de utilizar la p\u00e1gina con finalidades il\u00edcitas<br>o prohibidas, lesivas de derechos e intereses de terceros, o que de cualquier<br>forma puedan da\u00f1ar, inutilizar, sobrecargar, deteriorar o impedir la normal<br>utilizaci\u00f3n de equipos inform\u00e1ticos o documentos, archivos y toda clase de<br>contenidos almacenados en cualquier equipo inform\u00e1tico del prestador.<br>En particular, y a t\u00edtulo indicativo pero no exhaustivo, el Usuario<br>se compromete a no transmitir, difundir o poner a disposici\u00f3n de terceros<br>informaciones, datos, contenidos, mensajes, gr\u00e1ficos, dibujos, archivos de<br>sonido o imagen, fotograf\u00edas, grabaciones, software y, en general, cualquier<br>clase de material que:<br>(a) sea contraria, desprecie o atente contra los<br>derechos fundamentales y las libertades p\u00fablicas reconocidas<br>constitucionalmente, en tratados internacionales y otras normas vigentes;<br>(b) induzca, incite o promueva actuaciones delictivas,<br>denigrantes, difamatorias, violentas o, en general, contrarias a la ley, a la<br>moral y al orden p\u00fablico;<br>(c) induzca, incite o promueva actuaciones, actitudes<br>o pensamientos discriminatorios por raz\u00f3n de sexo, raza, religi\u00f3n, creencias,<br>edad o condici\u00f3n;<br>(d) sea contrario al derecho al honor, a la intimidad<br>personal o familiar o a la propia imagen de las personas;<br>(e) de cualquier manera perjudique la credibilidad del<br>prestador o de terceros; y<br>(f) constituya publicidad il\u00edcita, enga\u00f1osa o desleal.<br>\u00a0<br><strong>3. EXCLUSI\u00d3N DE GARANT\u00cdAS Y RESPONSABILIDAD<\/strong><br>El prestador se exime de cualquier tipo de responsabilidad derivada<br>de la informaci\u00f3n publicada en nuestro sitio web, siempre que esta informaci\u00f3n<br>haya sido manipulada o introducida por un tercero ajeno.<br>Esta web ha sido<br>revisada y probada para que funcione correctamente. En principio, se puede<br>garantizar el correcto funcionamiento los 365 d\u00edas del a\u00f1o, 24 horas al d\u00eda.<br>Sin embargo, el prestador no descarta la posibilidad que existan determinados<br>errores de programaci\u00f3n, o que sucedan causas de fuerza mayor, cat\u00e1strofes<br>naturales, huelgas, o circunstancias parecidas que hagan imposible el acceso a<br>la p\u00e1gina web.<br><strong>TECNISYSTEM NETWORKS SL<\/strong> no otorga<br>ninguna garant\u00eda ni se hace responsable, en ning\u00fan caso, de los da\u00f1os y<br>perjuicios de cualquier naturaleza que puedan salir a colaci\u00f3n de la falta de<br>disponibilidad, mantenimiento y efectivo funcionamiento de la web o de sus<br>servicios y contenidos; de la existencia de virus, programas maliciosos o<br>lesivos en los contenidos; del uso il\u00edcito, negligente, fraudulento o contrario<br>a este Aviso Legal y condiciones de uso; o de La falta de licitud, calidad,<br>fiabilidad, utilidad y disponibilidad de los servicios prestados por terceros y<br>ademanes a disposici\u00f3n de los usuarios en el sitio web.<br>El prestador no se hace responsable bajo ning\u00fan concepto de los<br>da\u00f1os que puedan dimanar del uso ilegal o indebido de la presente p\u00e1gina web.<br>\u00a0<br><strong>4. COOKIES<\/strong><br>El sitio web del prestador puede utilizar cookies (peque\u00f1os archivos<br>de informaci\u00f3n que el servidor env\u00eda al ordenador de quien accede en la p\u00e1gina)<br>para llevar a cabo determinadas funciones que son consideradas imprescindibles<br>para el correcto funcionamiento y visualizaci\u00f3n del lugar. Las cookies<br>utilizadas tienen, en todo caso, car\u00e1cter temporal, con la \u00fanica finalidad de<br>hacer m\u00e1s eficaz la navegaci\u00f3n, y desaparecen al acabar la sesi\u00f3n del usuario.<br>En ning\u00fan caso<br>se utilizar\u00e1n las cookies para recoger informaci\u00f3n de car\u00e1cter personal. Para<br>m\u00e1s informaci\u00f3n, ver nuestra Pol\u00edtica de Cookies.<br>\u00a0<br><strong>5. ENLACES (LINKS)<\/strong><br>Desde el sitio web es posible que se redirija a contenidos<br>patrocinados, anuncios y \/ o enlaces de afiliados y \/ o de terceras webs. Entre<br>los enlaces facilitados, existe la posibilidad de informar o hacer referencia a<br>productos y \/ o servicios de terceros. Dado que desde la web no podemos<br>controlar los contenidos introducidos por los terceros, ALMATRICHE TURISTICA,<br>S.Lno asume ning\u00fan tipo de responsabilidad respecto a dichos contenidos, ni<br>garantiza la experiencia, integridad o calidad de sus productos. En todo caso,<br>el prestador manifiesta que proceder\u00e1 a la retirada inmediata de cualquier<br>contenido que pudiera contravenir la legislaci\u00f3n nacional o internacional, la<br>moral o el orden p\u00fablico, procediendo a la retirada inmediata de la<br>re-direcci\u00f3n a estas webs, poniendo en conocimiento de las autoridades<br>competentes el contenido en cuesti\u00f3n.<br>TECNISYSTEM NETWORKS SL tendr\u00e1 publicados estos enlaces hasta que<br>sean eliminados o suspendidos por el prestador o por el anunciante, y no ser\u00e1<br>responsable aunque estos anuncios puedan ser indexados por otros buscadores<br>ajenos a esta web.<br>\u00a0El prestador no se<br>responsabiliza de la informaci\u00f3n y contenidos almacenados, a t\u00edtulo enunciativo<br>pero no limitativo, en foros, chats, generadores de blogs, comentarios, redes<br>sociales o cualquier otro medio que permita a terceros publicar contenidos de forma<br>independiente en la p\u00e1gina web del prestador. No obstante y en cumplimiento de<br>lo dispuesto en el art. 11 y 16 de la LSSICE, el prestador se pone a<br>disposici\u00f3n de todos los usuarios, autoridades y fuerzas de seguridad, y<br>colaborando de forma activa en la retirada o, cuando sea necesario, el bloqueo<br>de todos aquellos contenidos que puedan afectar o contravenir la legislaci\u00f3n<br>nacional, o internacional, derechos de terceros o la moral y el orden p\u00fablico.<br>En caso de que el usuario considere que puede existir alg\u00fan contenido que<br>pudiera ser susceptible de esta clasificaci\u00f3n, se ruega lo notifique de forma<br>inmediata al administrador del sitio web.<br>Sin embargo, TECNISYSTEM NETWORKS SL le informa que cualquier<br>relaci\u00f3n contractual o extracontractual que el usuario formalice con estos<br>terceros, afiliados o anunciantes mediante el link proporcionado por esta web,<br>ser\u00e1 v\u00e1lido \u00fanicamente y exclusivamente entre el usuario y el anunciante y \/ o<br>tercera persona y TECNISYSTEM NETWORKS SL no tendr\u00e1 ning\u00fan tipo de responsabilidad<br>sobre los da\u00f1os o perjuicios que pudieran ser ocasionados por la prestaci\u00f3n de<br>servicios y \/ o relaciones contractuales o extracontractuales realizadas entre<br>el usuario y los anunciantes o terceros contactadas a trav\u00e9s de este portal ya<br>que el prestador s\u00f3lo act\u00faa como intermediario o medio publicitario.<br>\u00a0<br><strong>6. PROTECCI\u00d3N DE DATOS PERSONALES<\/strong><br>El prestador est\u00e1 profundamente comprometido con el cumplimiento de<br>la normativa de protecci\u00f3n de datos personales y garantiza el cumplimiento<br>\u00edntegro de las obligaciones dispuestas, as\u00ed como la implementaci\u00f3n de las<br>medidas de seguridad dispuestas al Reglamento Europeo de Protecci\u00f3n de datos y<br>la normativa espa\u00f1ola de protecci\u00f3n de datos. Para m\u00e1s informaci\u00f3n, ver nuestra<br>Pol\u00edtica de Privacidad.<br>\u00a0<br><strong>7. PROPIEDAD INTELECTUAL E INDUSTRIAL<\/strong><br>El sitio web, incluyendo a t\u00edtulo enunciativo pero no limitativo la<br>programaci\u00f3n, edici\u00f3n, compilaci\u00f3n y otros elementos necesarios para su<br>funcionamiento, los dise\u00f1os, logotipos, textos, fotograf\u00edas y\/o gr\u00e1ficos son<br>propiedad del prestador o, en caso de que fuera necesario, dispone de la<br>licencia o autorizaci\u00f3n expresa por parte de los autores. Todos los contenidos<br>del sitio web se encuentran debidamente protegidos por la normativa de<br>propiedad intelectual e industrial.<br>Independientemente de la finalidad por la que fueran destinados, la<br>reproducci\u00f3n total o parcial, uso, distribuci\u00f3n y comunicaci\u00f3n p\u00fablica<br>requieren de la autorizaci\u00f3n escrita previa por parte del prestador. Cualquier<br>uso no autorizado previamente por parte del prestador ser\u00e1 considerado un<br>incumplimiento grave de los derechos de propiedad intelectual o industrial del<br>autor.<br>Los dise\u00f1os, logotipos, textos y\/o gr\u00e1ficos ajenos al prestador y<br>que puedan aparecer en el sitio web, pertenecen a sus respectivos propietarios,<br>siendo ellos mismos los responsables de cualquier posible controversia que<br>pudiera acontecer respecto a los mismos. En todo caso, el prestador cuenta con<br>la autorizaci\u00f3n expresa y previa por parte de los mismos.<br>El prestador reconoce a favor de sus titulares los correspondientes<br>derechos de propiedad industrial e intelectual, no implicando la menci\u00f3n o<br>aparici\u00f3n en el sitio web, de la existencia de derechos o ninguna<br>responsabilidad del prestador sobre los mismos, como tampoco respaldo,<br>patrocinio o recomendaci\u00f3n por parte del mismo.<br>Para realizar cualquier tipo de observaci\u00f3n respecto a posibles<br>incumplimientos de los derechos de propiedad intelectual o industrial, as\u00ed como<br>sobre cualquiera de los contenidos del sitio web, puede hacerlo a trav\u00e9s del<br>correo electr\u00f3nico arriba rese\u00f1ado.<br>\u00a0<br><strong>8. LEY APLICABLE Y JURISDICCI\u00d3N<\/strong><br>Para la resoluci\u00f3n de las controversias o cuestiones relacionadas<br>con la presente p\u00e1gina web o de las actividades en esta desarrolladas, ser\u00e1 de<br>aplicaci\u00f3n la legislaci\u00f3n espa\u00f1ola, a la que se someten expresamente las<br>partes, siendo competentes por la resoluci\u00f3n de todos los conflictos derivados<br>o relacionados con su uso los Juzgados y Tribunales de Las Palmas.<br>\u00a0\n\n\n","protected":false},"excerpt":{"rendered":"","protected":false},"author":2,"featured_media":0,"parent":0,"menu_order":0,"comment_status":"closed","ping_status":"closed","template":"","meta":{"pagelayer_contact_templates":[],"_pagelayer_content":"","footnotes":""},"class_list":["post-84","page","type-page","status-publish","hentry"],"aioseo_notices":[],"yoast_head":"<!-- This site is optimized with the Yoast SEO plugin v27.3 - https:\/\/yoast.com\/product\/yoast-seo-wordpress\/ -->\n<title>Aviso Legal - Alojamiento los Alisios Tecnisystem<\/title>\n<meta name=\"robots\" content=\"index, follow, max-snippet:-1, max-image-preview:large, max-video-preview:-1\" \/>\n<link rel=\"canonical\" href=\"https:\/\/tecnisystem.com.es\/?page_id=84\" \/>\n<meta property=\"og:locale\" content=\"es_ES\" \/>\n<meta property=\"og:type\" content=\"article\" \/>\n<meta property=\"og:title\" content=\"Aviso Legal - Alojamiento los Alisios Tecnisystem\" \/>\n<meta property=\"og:url\" content=\"https:\/\/tecnisystem.com.es\/?page_id=84\" \/>\n<meta property=\"og:site_name\" content=\"Alojamiento los Alisios Tecnisystem\" \/>\n<meta property=\"article:modified_time\" content=\"2026-04-08T00:23:41+00:00\" \/>\n<meta name=\"twitter:card\" content=\"summary_large_image\" \/>\n<meta name=\"twitter:label1\" content=\"Tiempo de lectura\" \/>\n\t<meta name=\"twitter:data1\" content=\"10 minutos\" \/>\n<script type=\"application\/ld+json\" class=\"yoast-schema-graph\">{\"@context\":\"https:\\\/\\\/schema.org\",\"@graph\":[{\"@type\":\"WebPage\",\"@id\":\"https:\\\/\\\/tecnisystem.com.es\\\/?page_id=84\",\"url\":\"https:\\\/\\\/tecnisystem.com.es\\\/?page_id=84\",\"name\":\"Aviso Legal - Alojamiento los Alisios Tecnisystem\",\"isPartOf\":{\"@id\":\"https:\\\/\\\/tecnisystem.com.es\\\/#website\"},\"datePublished\":\"2022-07-24T22:34:02+00:00\",\"dateModified\":\"2026-04-08T00:23:41+00:00\",\"breadcrumb\":{\"@id\":\"https:\\\/\\\/tecnisystem.com.es\\\/?page_id=84#breadcrumb\"},\"inLanguage\":\"es\",\"potentialAction\":[{\"@type\":\"ReadAction\",\"target\":[\"https:\\\/\\\/tecnisystem.com.es\\\/?page_id=84\"]}]},{\"@type\":\"BreadcrumbList\",\"@id\":\"https:\\\/\\\/tecnisystem.com.es\\\/?page_id=84#breadcrumb\",\"itemListElement\":[{\"@type\":\"ListItem\",\"position\":1,\"name\":\"Portada\",\"item\":\"https:\\\/\\\/tecnisystem.com.es\\\/\"},{\"@type\":\"ListItem\",\"position\":2,\"name\":\"Aviso Legal\"}]},{\"@type\":\"WebSite\",\"@id\":\"https:\\\/\\\/tecnisystem.com.es\\\/#website\",\"url\":\"https:\\\/\\\/tecnisystem.com.es\\\/\",\"name\":\"Alojamiento los Alisios Tecnisystem\",\"description\":\"Actividades inmobiliarias los Alisios\",\"publisher\":{\"@id\":\"https:\\\/\\\/tecnisystem.com.es\\\/#organization\"},\"potentialAction\":[{\"@type\":\"SearchAction\",\"target\":{\"@type\":\"EntryPoint\",\"urlTemplate\":\"https:\\\/\\\/tecnisystem.com.es\\\/?s={search_term_string}\"},\"query-input\":{\"@type\":\"PropertyValueSpecification\",\"valueRequired\":true,\"valueName\":\"search_term_string\"}}],\"inLanguage\":\"es\"},{\"@type\":\"Organization\",\"@id\":\"https:\\\/\\\/tecnisystem.com.es\\\/#organization\",\"name\":\"Alojamiento los Alisios Tecnisystem\",\"url\":\"https:\\\/\\\/tecnisystem.com.es\\\/\",\"logo\":{\"@type\":\"ImageObject\",\"inLanguage\":\"es\",\"@id\":\"https:\\\/\\\/tecnisystem.com.es\\\/#\\\/schema\\\/logo\\\/image\\\/\",\"url\":\"https:\\\/\\\/tecnisystem.com.es\\\/wp-content\\\/uploads\\\/2022\\\/07\\\/cropped-Recurso-4-1.png\",\"contentUrl\":\"https:\\\/\\\/tecnisystem.com.es\\\/wp-content\\\/uploads\\\/2022\\\/07\\\/cropped-Recurso-4-1.png\",\"width\":1037,\"height\":551,\"caption\":\"Alojamiento los Alisios Tecnisystem\"},\"image\":{\"@id\":\"https:\\\/\\\/tecnisystem.com.es\\\/#\\\/schema\\\/logo\\\/image\\\/\"}}]}<\/script>\n<!-- \/ Yoast SEO plugin. -->","yoast_head_json":{"title":"Aviso Legal - Alojamiento los Alisios Tecnisystem","robots":{"index":"index","follow":"follow","max-snippet":"max-snippet:-1","max-image-preview":"max-image-preview:large","max-video-preview":"max-video-preview:-1"},"canonical":"https:\/\/tecnisystem.com.es\/?page_id=84","og_locale":"es_ES","og_type":"article","og_title":"Aviso Legal - Alojamiento los Alisios Tecnisystem","og_url":"https:\/\/tecnisystem.com.es\/?page_id=84","og_site_name":"Alojamiento los Alisios Tecnisystem","article_modified_time":"2026-04-08T00:23:41+00:00","twitter_card":"summary_large_image","twitter_misc":{"Tiempo de lectura":"10 minutos"},"schema":{"@context":"https:\/\/schema.org","@graph":[{"@type":"WebPage","@id":"https:\/\/tecnisystem.com.es\/?page_id=84","url":"https:\/\/tecnisystem.com.es\/?page_id=84","name":"Aviso Legal - Alojamiento los Alisios Tecnisystem","isPartOf":{"@id":"https:\/\/tecnisystem.com.es\/#website"},"datePublished":"2022-07-24T22:34:02+00:00","dateModified":"2026-04-08T00:23:41+00:00","breadcrumb":{"@id":"https:\/\/tecnisystem.com.es\/?page_id=84#breadcrumb"},"inLanguage":"es","potentialAction":[{"@type":"ReadAction","target":["https:\/\/tecnisystem.com.es\/?page_id=84"]}]},{"@type":"BreadcrumbList","@id":"https:\/\/tecnisystem.com.es\/?page_id=84#breadcrumb","itemListElement":[{"@type":"ListItem","position":1,"name":"Portada","item":"https:\/\/tecnisystem.com.es\/"},{"@type":"ListItem","position":2,"name":"Aviso Legal"}]},{"@type":"WebSite","@id":"https:\/\/tecnisystem.com.es\/#website","url":"https:\/\/tecnisystem.com.es\/","name":"Alojamiento los Alisios Tecnisystem","description":"Actividades inmobiliarias los Alisios","publisher":{"@id":"https:\/\/tecnisystem.com.es\/#organization"},"potentialAction":[{"@type":"SearchAction","target":{"@type":"EntryPoint","urlTemplate":"https:\/\/tecnisystem.com.es\/?s={search_term_string}"},"query-input":{"@type":"PropertyValueSpecification","valueRequired":true,"valueName":"search_term_string"}}],"inLanguage":"es"},{"@type":"Organization","@id":"https:\/\/tecnisystem.com.es\/#organization","name":"Alojamiento los Alisios Tecnisystem","url":"https:\/\/tecnisystem.com.es\/","logo":{"@type":"ImageObject","inLanguage":"es","@id":"https:\/\/tecnisystem.com.es\/#\/schema\/logo\/image\/","url":"https:\/\/tecnisystem.com.es\/wp-content\/uploads\/2022\/07\/cropped-Recurso-4-1.png","contentUrl":"https:\/\/tecnisystem.com.es\/wp-content\/uploads\/2022\/07\/cropped-Recurso-4-1.png","width":1037,"height":551,"caption":"Alojamiento los Alisios Tecnisystem"},"image":{"@id":"https:\/\/tecnisystem.com.es\/#\/schema\/logo\/image\/"}}]}},"_links":{"self":[{"href":"https:\/\/tecnisystem.com.es\/index.php?rest_route=\/wp\/v2\/pages\/84","targetHints":{"allow":["GET"]}}],"collection":[{"href":"https:\/\/tecnisystem.com.es\/index.php?rest_route=\/wp\/v2\/pages"}],"about":[{"href":"https:\/\/tecnisystem.com.es\/index.php?rest_route=\/wp\/v2\/types\/page"}],"author":[{"embeddable":true,"href":"https:\/\/tecnisystem.com.es\/index.php?rest_route=\/wp\/v2\/users\/2"}],"replies":[{"embeddable":true,"href":"https:\/\/tecnisystem.com.es\/index.php?rest_route=%2Fwp%2Fv2%2Fcomments&post=84"}],"version-history":[{"count":5,"href":"https:\/\/tecnisystem.com.es\/index.php?rest_route=\/wp\/v2\/pages\/84\/revisions"}],"predecessor-version":[{"id":191,"href":"https:\/\/tecnisystem.com.es\/index.php?rest_route=\/wp\/v2\/pages\/84\/revisions\/191"}],"wp:attachment":[{"href":"https:\/\/tecnisystem.com.es\/index.php?rest_route=%2Fwp%2Fv2%2Fmedia&parent=84"}],"curies":[{"name":"wp","href":"https:\/\/api.w.org\/{rel}","templated":true}]}}